{"id":126,"date":"2019-05-16T12:37:30","date_gmt":"2019-05-16T10:37:30","guid":{"rendered":"https:\/\/palamosdigital.com\/tvpalamos\/?page_id=126"},"modified":"2019-05-16T15:40:32","modified_gmt":"2019-05-16T13:40:32","slug":"tractament-de-cookies","status":"publish","type":"page","link":"https:\/\/palamosdigital.com\/tvpalamos\/tractament-de-cookies\/","title":{"rendered":"Tractament de Cookies"},"content":{"rendered":"<p>[et_pb_section fb_built=&#8221;1&#8243; custom_padding_last_edited=&#8221;on|phone&#8221; disabled_on=&#8221;off|off|off&#8221; admin_label=&#8221;TRACTAMENT DE COOKIES DEL WEB DE LA CARTELLERA&#8221; _builder_version=&#8221;3.22.3&#8243; background_image=&#8221;https:\/\/palamosdigital.com\/tvpalamos\/wp-content\/uploads\/2019\/05\/abstract_desktop_1920x1200_hd-wallpaper-1030076.png&#8221; custom_margin_phone=&#8221;0px|0px|0px|0px&#8221; custom_margin_last_edited=&#8221;on|phone&#8221; custom_padding=&#8221;70px||100px||false|false&#8221; custom_padding_tablet=&#8221;70px||80px|&#8221; custom_padding_phone=&#8221;50px|0px|30px|&#8221; filter_saturate=&#8221;200%&#8221; top_divider_color=&#8221;#0C71C3&#8243; top_divider_height=&#8221;120px&#8221; top_divider_height_tablet=&#8221;90px&#8221; top_divider_height_phone=&#8221;80px&#8221; top_divider_height_last_edited=&#8221;on|desktop&#8221; bottom_divider_color=&#8221;#0C71C3&#8243; bottom_divider_height=&#8221;120px&#8221; bottom_divider_flip=&#8221;vertical&#8221; bottom_divider_height_tablet=&#8221;89px&#8221; bottom_divider_height_phone=&#8221;80px&#8221; bottom_divider_height_last_edited=&#8221;on|phone&#8221;][et_pb_row custom_padding=&#8221;0|0px|0|0px|false|false&#8221; custom_padding_last_edited=&#8221;on|phone&#8221; padding_1_last_edited=&#8221;on|phone&#8221; disabled_on=&#8221;off|off|off&#8221; _builder_version=&#8221;3.22.3&#8243; background_size=&#8221;initial&#8221; background_position=&#8221;top_left&#8221; background_repeat=&#8221;repeat&#8221; custom_margin_last_edited=&#8221;on|phone&#8221;][et_pb_column type=&#8221;4_4&#8243; _builder_version=&#8221;3.0.47&#8243;][et_pb_text disabled_on=&#8221;off|off|off&#8221; admin_label=&#8221;TEXT DEL TRACTAMENT DE COOKIES&#8221; _builder_version=&#8221;3.21.1&#8243; text_font=&#8221;||||||||&#8221; text_font_size_last_edited=&#8221;on|phone&#8221; text_letter_spacing_last_edited=&#8221;on|desktop&#8221; text_line_height_last_edited=&#8221;on|desktop&#8221; custom_margin_last_edited=&#8221;on|phone&#8221; custom_padding_last_edited=&#8221;on|phone&#8221;]<\/p>\n<h1>TRACTAMENT DE COOKIES<\/h1>\n<p>&nbsp;<\/p>\n<h2><\/h2>\n<h3>1 &#8211; QU\u00c8 S\u00d3N LES COOKIES<\/h3>\n<p>El web https:\/\/palamosdigital.com (en endavant el Web), utilitza cookies (o galetes en catal\u00e0). S\u00f3n fitxers enviats a un navegador per mitj\u00e0 d&#8217;un servidor web per registrar les activitats de l&#8217;usuari en un web determinat. La primera finalitat de les galetes \u00e9s la de facilitar a l&#8217;usuari un acc\u00e9s m\u00e9s r\u00e0pid als serveis seleccionats. A m\u00e9s, les galetes personalitzen els serveis que ofereix el Web, facilitant i oferint a cada usuari informaci\u00f3 que \u00e9s del seu inter\u00e8s o que pot ser del seu inter\u00e8s, en atenci\u00f3 a l&#8217;\u00fas que fa dels serveis oferts.<\/p>\n<p>El Web utilitza galetes per personalitzar i facilitar al m\u00e0xim la navegaci\u00f3 de l&#8217;usuari. <strong>Les galetes s&#8217;associen \u00fanicament a un usuari an\u00f2nim i el seu ordinador, i no proporcionen refer\u00e8ncies que permetin deduir dades personals de l&#8217;usuari<\/strong>. L&#8217;usuari podr\u00e0 configurar el seu navegador perqu\u00e8 notifiqui i rebutgi la instal\u00b7laci\u00f3 de galetes enviades per el Web, sense que aix\u00f2 perjudiqui la possibilitat de l&#8217;usuari d&#8217;accedir als continguts d&#8217;aquest Web. No obstant aix\u00f2, li fem notar que, en tot cas, la qualitat de funcionament de la p\u00e0gina web pot disminuir.<\/p>\n<p>Els usuaris registrats, que es registrin o que hagin iniciat sessi\u00f3, podran beneficiar-se d&#8217;uns serveis m\u00e9s personalitzats i orientats al seu perfil, gr\u00e0cies a la combinaci\u00f3 de les dades emmagatzemades en les galetes amb les dades personals utilitzades en el moment del seu registre. Aquests usuaris autoritzen expressament l&#8217;\u00fas d&#8217;aquesta informaci\u00f3 amb la finalitat indicada, sense perjudici del seu dret a rebutjar o desactivar l&#8217;\u00fas de galetes.<\/p>\n<p>&nbsp;<\/p>\n<h3>2 &#8211; QUINS TIPUS DE COOKIES HI HA<\/h3>\n<p>Les galetes, en funci\u00f3 de la seva <strong>Perman\u00e8ncia<\/strong>, poden dividir-se en:<\/p>\n<ul>\n<li>&#8220;<strong>Cookies de sessi\u00f3<\/strong>&#8220;: aquestes expiren quan l&#8217;usuari tanca el navegador.<\/li>\n<li>&#8220;<strong>Cookies persistents<\/strong>&#8220;: expiren en funci\u00f3 de quan es compleixi l&#8217;objectiu per al qual serveixen (per exemple, perqu\u00e8 l&#8217;usuari es mantingui identificat en els diferents serveis) o b\u00e9 quan s&#8217;esborren manualment.<\/li>\n<\/ul>\n<p>&nbsp;<\/p>\n<p>En funci\u00f3 del seu <strong>Objectiu<\/strong>, les galetes poden classificar-se de la seg\u00fcent manera:<\/p>\n<ul>\n<li>&#8220;<strong>Cookies de rendiment<\/strong>&#8220;: Aquestes galetes memoritzen les seves prefer\u00e8ncies envers les eines que es troben en els serveis, de manera que no s&#8217;ha de tornar a configurar el servei cada vegada que l&#8217;Usuari el visita. A tall d&#8217;exemple, en aquesta tipologia s&#8217;inclouen ajustaments de volum de reproductors de v\u00eddeo i so, o que les velocitats de transmissi\u00f3 de v\u00eddeo siguin compatibles amb el navegador de l&#8217;Usuari.<\/li>\n<li>&#8220;<strong>Cookies de geo-localitzaci\u00f3<\/strong>&#8220;: Aquestes galetes s\u00f3n utilitzades per esbrinar en quin pa\u00eds es troba l&#8217;Usuari quan se sol\u00b7licita un servei. Aquesta galeta \u00e9s totalment an\u00f2nima, i nom\u00e9s s&#8217;utilitza per ajudar a orientar el contingut a la seva ubicaci\u00f3.<\/li>\n<li>&#8220;<strong>Cookies de registre<\/strong>&#8220;: Les galetes de registre es generen un cop que l&#8217;usuari s&#8217;ha registrat o posteriorment ha obert la sessi\u00f3, i s&#8217;utilitzen per identificar-lo en els serveis amb l&#8217;objectiu de mantenir a l&#8217;usuari identificat de manera que si tanca un servei, i en un altre moment o un altre dia torna a entrar en aquest servei, seguir\u00e0 identificat, facilitant aix\u00ed la seva navegaci\u00f3 sense haver de tornar a identificar-se. Aquesta funcionalitat es pot suprimir si l&#8217;usuari prem la funcionalitat &#8220;tancar sessi\u00f3&#8221;, de manera que aquesta galeta s&#8217;elimina i la propera vegada que entri al servei l&#8217;usuari haur\u00e0 d&#8217;iniciar sessi\u00f3 per estar identificat. Aquestes galetes tamb\u00e9 serveixen per comprovar si l&#8217;usuari est\u00e0 autoritzat per accedir a certs serveis, per exemple, per participar en un concurs.<\/li>\n<li>&#8220;<strong>Cookies anal\u00edtiques<\/strong>&#8220;: Cada vegada que un Usuari visita un servei, una eina d&#8217;un prove\u00efdor extern genera una galeta anal\u00edtica en l&#8217;ordinador de l&#8217;Usuari. Aquesta cookie que nom\u00e9s es genera en la visita, servir\u00e0 en properes visites als serveis del web per identificar de forma an\u00f2nima al visitant. Els objectius principals que es persegueixen s\u00f3n: Permetre la identificaci\u00f3 an\u00f2nima dels usuaris navegants a trav\u00e9s de la &#8220;cookie&#8221; (identifica navegadors i dispositius, no persones) i per tant la comptabilitzaci\u00f3 aproximada del nombre de visitants i la seva tend\u00e8ncia en el temps. Identificar de forma an\u00f2nima els continguts m\u00e9s visitats i per tant m\u00e9s atractius per als usuaris. Saber si l&#8217;usuari que est\u00e0 accedint \u00e9s nou o repeteix visita. Important: llevat que l&#8217;usuari decideixi registrar-se en un servei del Web, la &#8220;cookie&#8221; mai anir\u00e0 associada a cap dada de car\u00e0cter personal que pugui identificar-lo. Aquestes galetes nom\u00e9s seran utilitzades amb prop\u00f2sits estad\u00edstics que ajudin a l&#8217;optimitzaci\u00f3 de l&#8217;experi\u00e8ncia dels Usuaris en el lloc.<\/li>\n<li>&#8220;<strong>Cookies de publicitat comportamental<\/strong>&#8220;: Aquest tipus de &#8220;galetes&#8221; permet ampliar la informaci\u00f3 dels anuncis mostrats a cada usuari an\u00f2nim en els serveis del Web. Entre d&#8217;altres, s&#8217;emmagatzema la durada o freq\u00fc\u00e8ncia de visualitzaci\u00f3 de posicions publicit\u00e0ries, la interacci\u00f3 amb les mateixes, o els patrons de navegaci\u00f3 del visitant ja que ajuden a conformar un perfil d&#8217;inter\u00e8s publicitari. D&#8217;aquesta manera, permeten oferir publicitat af\u00ed als interessos de l&#8217;Usuari.<\/li>\n<li>&#8220;<strong>Cookies publicit\u00e0ries de tercers<\/strong>&#8220;: si s&#8217;escau, el Web pot oferir als internautes l&#8217;opci\u00f3 de veure anuncis a trav\u00e9s de tercers (&#8220;AdServers&#8221;). D&#8217;aquesta manera, aquests tercers poden emmagatzemar galetes enviades des dels serveis del Web procedents dels navegadors dels Usuaris, aix\u00ed com accedir a les dades que en elles es guarden.<\/li>\n<\/ul>\n<p>&nbsp;<\/p>\n<h3>3 &#8211; COM DESACTIVAR LES COOKIES<\/h3>\n<p>Tots els navegadors moderns permeten canviar la configuraci\u00f3 de les galetes. Aquests ajustaments normalment es troben a les opcions o prefer\u00e8ncies del men\u00fa del navegador de l&#8217;usuari, que tamb\u00e9 pot configurar el navegador o el gestor de correu electr\u00f2nic, aix\u00ed com instal\u00b7lar complements gratu\u00efts per evitar que es descarreguin &#8220;web bugs&#8221; en obrir un correu electr\u00f2nic.<\/p>\n<p>El Web ofereix orientaci\u00f3 a l&#8217;Usuari sobre els passos per accedir al men\u00fa de configuraci\u00f3 de les galetes i, si escau, de la navegaci\u00f3 privada a cadascun dels navegadors principals:<\/p>\n<ul>\n<li>Internet Explorer: Eines -&gt; Opcions d&#8217;Internet -&gt; Privacitat -&gt; Configuraci\u00f3.<\/li>\n<li>Firefox: Eines -&gt; Opcions -&gt; Privadesa -&gt; Hist\u00f2ric -&gt; Configuraci\u00f3 personalitzada.<\/li>\n<li>Chrome: Configuraci\u00f3 -&gt; Mostra opcions avan\u00e7ades -&gt; Privadesa -&gt; Configuraci\u00f3 de contingut.<\/li>\n<li>Safari: Prefer\u00e8ncies -&gt; Seguretat.<\/li>\n<\/ul>\n<p>&nbsp;<\/p>\n<h3>4 &#8211; MODIFICACIONS DE LA POL\u00cdTICA DE COOKIES<\/h3>\n<p>El Web pot modificar aquesta &#8220;Pol\u00edtica de Cookies&#8221; en funci\u00f3 de les exig\u00e8ncies legislatives, reglament\u00e0ries, o amb la finalitat d&#8217;adaptar aquesta pol\u00edtica a les instruccions dictades per l&#8217;Ag\u00e8ncia Espanyola de Protecci\u00f3 de Dades, per aix\u00f2 s&#8217;aconsella als usuaris que la visitin peri\u00f2dicament.<\/p>\n<p>Quan es produeixin canvis significatius en aquesta &#8220;Pol\u00edtica de Cookies&#8221;, es comunicaran als usuaris b\u00e9 mitjan\u00e7ant el Web o mitjan\u00e7ant correu electr\u00f2nic als usuaris registrats.<\/p>\n<p>En el cas de voler obtenir m\u00e9s informaci\u00f3 en relaci\u00f3 amb la configuraci\u00f3 dels diferents navegadors, clica a sobre alguna de les opcions seg\u00fcents:<\/p>\n<ul>\n<li><a href=\"https:\/\/support.microsoft.com\/es-es\/help\/17442\/windows-internet-explorer-delete-manage-cookies\">Microsoft Internet Explorer<\/a><\/li>\n<li><a href=\"https:\/\/support.google.com\/chrome\/answer\/95647?hl=es\">Google Chrome<\/a><\/li>\n<li><a href=\"https:\/\/support.mozilla.org\/es\/kb\/habilitar-y-deshabilitar-cookies-sitios-web-rastrear-preferencias?redirectlocale=es&amp;redirectslug=habilitar-y-deshabilitar-cookies-que-los-sitios-we\">Mozilla Firefox<\/a><\/li>\n<li><a href=\"https:\/\/support.apple.com\/kb\/PH21411?viewlocale=en_US&amp;locale=en_US\">Safari<\/a><\/li>\n<\/ul>\n<p>&nbsp;<\/p>\n<p><span style=\"color: #000000;\"><strong>Edici\u00f3: 20 de maig de 2019<\/strong><\/span><br \/>\n[\/et_pb_text][\/et_pb_column][\/et_pb_row][\/et_pb_section]<\/p>\n","protected":false},"excerpt":{"rendered":"<p>TRACTAMENT DE COOKIES &nbsp; 1 &#8211; QU\u00c8 S\u00d3N LES COOKIES El web https:\/\/palamosdigital.com (en endavant el Web), utilitza cookies (o galetes en catal\u00e0). S\u00f3n fitxers enviats a un navegador per mitj\u00e0 d&#8217;un servidor web per registrar les activitats de l&#8217;usuari en un web determinat. La primera finalitat de les galetes \u00e9s la de facilitar a [&hellip;]<\/p>\n","protected":false},"author":1,"featured_media":0,"parent":0,"menu_order":0,"comment_status":"closed","ping_status":"closed","template":"page-template-fullwidth.php","meta":{"_et_pb_use_builder":"on","_et_pb_old_content":"","_et_gb_content_width":"","footnotes":""},"class_list":["post-126","page","type-page","status-publish","hentry"],"_links":{"self":[{"href":"https:\/\/palamosdigital.com\/tvpalamos\/wp-json\/wp\/v2\/pages\/126","targetHints":{"allow":["GET"]}}],"collection":[{"href":"https:\/\/palamosdigital.com\/tvpalamos\/wp-json\/wp\/v2\/pages"}],"about":[{"href":"https:\/\/palamosdigital.com\/tvpalamos\/wp-json\/wp\/v2\/types\/page"}],"author":[{"embeddable":true,"href":"https:\/\/palamosdigital.com\/tvpalamos\/wp-json\/wp\/v2\/users\/1"}],"replies":[{"embeddable":true,"href":"https:\/\/palamosdigital.com\/tvpalamos\/wp-json\/wp\/v2\/comments?post=126"}],"version-history":[{"count":5,"href":"https:\/\/palamosdigital.com\/tvpalamos\/wp-json\/wp\/v2\/pages\/126\/revisions"}],"predecessor-version":[{"id":185,"href":"https:\/\/palamosdigital.com\/tvpalamos\/wp-json\/wp\/v2\/pages\/126\/revisions\/185"}],"wp:attachment":[{"href":"https:\/\/palamosdigital.com\/tvpalamos\/wp-json\/wp\/v2\/media?parent=126"}],"curies":[{"name":"wp","href":"https:\/\/api.w.org\/{rel}","templated":true}]}}