{"id":1455,"date":"2019-06-18T05:47:03","date_gmt":"2019-06-18T03:47:03","guid":{"rendered":"https:\/\/palamosdigital.com\/tvpalamos\/?page_id=1455"},"modified":"2019-06-18T11:12:30","modified_gmt":"2019-06-18T09:12:30","slug":"error-404","status":"publish","type":"page","link":"https:\/\/palamosdigital.com\/tvpalamos\/error-404\/","title":{"rendered":"Error 404"},"content":{"rendered":"<p>[et_pb_section fb_built=&#8221;1&#8243; _builder_version=&#8221;3.23.3&#8243; custom_padding=&#8221;0px|||||&#8221;][et_pb_row custom_padding=&#8221;||0px|||&#8221; _builder_version=&#8221;3.23.3&#8243;][et_pb_column type=&#8221;4_4&#8243; _builder_version=&#8221;3.23.3&#8243;][et_pb_image src=&#8221;https:\/\/palamosdigital.com\/tvpalamos\/wp-content\/uploads\/2019\/06\/error-404-tvpalamos-desktop-versio1.jpg&#8221; _builder_version=&#8221;3.23.3&#8243; custom_margin_phone=&#8221;-14px||&#8221; custom_margin_last_edited=&#8221;on|desktop&#8221;][\/et_pb_image][\/et_pb_column][\/et_pb_row][et_pb_row custom_padding=&#8221;0px|||||&#8221; _builder_version=&#8221;3.23.3&#8243; custom_margin_last_edited=&#8221;on|desktop&#8221; custom_margin_phone=&#8221;||-50px&#8221;][et_pb_column type=&#8221;4_4&#8243; _builder_version=&#8221;3.23.3&#8243;][et_pb_text _builder_version=&#8221;3.23.3&#8243; text_font=&#8221;|600|||||||&#8221; text_text_color=&#8221;#000000&#8243; header_font=&#8221;||||||||&#8221; header_text_color=&#8221;#E02B20&#8243; header_3_font=&#8221;|600|||||||&#8221; header_3_text_color=&#8221;#E02B20&#8243; header_3_font_size=&#8221;29px&#8221; custom_margin_phone=&#8221;15px||&#8221; custom_margin_last_edited=&#8221;on|phone&#8221; header_font_size_phone=&#8221;19px&#8221; header_font_size_last_edited=&#8221;on|desktop&#8221; header_3_font_size_phone=&#8221;24px&#8221; header_3_font_size_last_edited=&#8221;on|desktop&#8221;]<\/p>\n<h3 class=\"p1\"><span class=\"s1\">T&#8217;informem de l&#8217;activaci\u00f3 autom\u00e0tica d&#8217;un av\u00eds d&#8217;ERROR 404 al nostre web.<\/span><\/h3>\n<p>&nbsp;<\/p>\n<p class=\"p1\"><span class=\"s1\">Aquest conegut error inform\u00e0tic pot ser produ\u00eft per diferents motius:<\/span><\/p>\n<ul>\n<li class=\"p1\"><span class=\"s1\">La p\u00e0gina que busques ja no est\u00e0 operativa en aquest web (consulta el men\u00fa per veure quines seccions hi ha actualment en servei).<\/span><\/li>\n<li class=\"p1\"><span class=\"s1\">Has clicat una URL incorrecta (comprova que estigui ben escrita).<\/span><\/li>\n<li class=\"p1\"><span class=\"s1\">La p\u00e0gina ha canviat de lloc y la redirecci\u00f3 est\u00e0 configurada incorrectament (si ens ho fas saber per mail, procedirem a corretgir-ho).\u00a0<\/span><\/li>\n<li class=\"p1\"><span class=\"s1\">Mal funcionament del servidor (passa molt poques vegades).<\/span><\/li>\n<\/ul>\n<p>[\/et_pb_text][\/et_pb_column][\/et_pb_row][\/et_pb_section]<\/p>\n","protected":false},"excerpt":{"rendered":"<p>T&#8217;informem de l&#8217;activaci\u00f3 autom\u00e0tica d&#8217;un av\u00eds d&#8217;ERROR 404 al nostre web. &nbsp; Aquest conegut error inform\u00e0tic pot ser produ\u00eft per diferents motius: La p\u00e0gina que busques ja no est\u00e0 operativa en aquest web (consulta el men\u00fa per veure quines seccions hi ha actualment en servei). Has clicat una URL incorrecta (comprova que estigui ben escrita). [&hellip;]<\/p>\n","protected":false},"author":1,"featured_media":0,"parent":0,"menu_order":0,"comment_status":"closed","ping_status":"closed","template":"page-template-fullwidth.php","meta":{"_et_pb_use_builder":"on","_et_pb_old_content":"","_et_gb_content_width":"","footnotes":""},"class_list":["post-1455","page","type-page","status-publish","hentry"],"_links":{"self":[{"href":"https:\/\/palamosdigital.com\/tvpalamos\/wp-json\/wp\/v2\/pages\/1455","targetHints":{"allow":["GET"]}}],"collection":[{"href":"https:\/\/palamosdigital.com\/tvpalamos\/wp-json\/wp\/v2\/pages"}],"about":[{"href":"https:\/\/palamosdigital.com\/tvpalamos\/wp-json\/wp\/v2\/types\/page"}],"author":[{"embeddable":true,"href":"https:\/\/palamosdigital.com\/tvpalamos\/wp-json\/wp\/v2\/users\/1"}],"replies":[{"embeddable":true,"href":"https:\/\/palamosdigital.com\/tvpalamos\/wp-json\/wp\/v2\/comments?post=1455"}],"version-history":[{"count":23,"href":"https:\/\/palamosdigital.com\/tvpalamos\/wp-json\/wp\/v2\/pages\/1455\/revisions"}],"predecessor-version":[{"id":1498,"href":"https:\/\/palamosdigital.com\/tvpalamos\/wp-json\/wp\/v2\/pages\/1455\/revisions\/1498"}],"wp:attachment":[{"href":"https:\/\/palamosdigital.com\/tvpalamos\/wp-json\/wp\/v2\/media?parent=1455"}],"curies":[{"name":"wp","href":"https:\/\/api.w.org\/{rel}","templated":true}]}}