{"id":1504,"date":"2019-06-19T16:03:48","date_gmt":"2019-06-19T14:03:48","guid":{"rendered":"https:\/\/palamosdigital.com\/tvpalamos\/?page_id=1504"},"modified":"2020-05-24T19:41:03","modified_gmt":"2020-05-24T17:41:03","slug":"el-nou-cartipas-municipal-2019","status":"publish","type":"page","link":"https:\/\/palamosdigital.com\/tvpalamos\/el-nou-cartipas-municipal-2019\/","title":{"rendered":"X-EM2019 El nou cartip\u00e0s municipal"},"content":{"rendered":"<p>[et_pb_section fb_built=&#8221;1&#8243; custom_padding_last_edited=&#8221;on|desktop&#8221; disabled_on=&#8221;off|on|on&#8221; admin_label=&#8221;PREGUNTES TEM\u00c0TIQUES (phone)&#8221; _builder_version=&#8221;3.22.7&#8243; background_color=&#8221;#1a1844&#8243; use_background_color_gradient=&#8221;on&#8221; background_color_gradient_start=&#8221;#2b3ea0&#8243; background_color_gradient_end=&#8221;#1a1844&#8243; background_color_gradient_type=&#8221;radial&#8221; background_color_gradient_direction_radial=&#8221;top right&#8221; background_color_gradient_end_position=&#8221;45%&#8221; background_image=&#8221;https:\/\/palamosdigital.com\/tvpalamos\/wp-content\/uploads\/2019\/05\/podcast-01.png&#8221; parallax=&#8221;on&#8221; custom_margin=&#8221;||0px&#8221; custom_margin_last_edited=&#8221;on|desktop&#8221; custom_padding=&#8221;5vw||0||false|false&#8221; background_size__hover=&#8221;cover&#8221; background_size__hover_enabled=&#8221;cover&#8221;][et_pb_row custom_padding=&#8221;||0px|||&#8221; custom_margin=&#8221;-4px|auto|10px|auto||&#8221; custom_padding_last_edited=&#8221;off|desktop&#8221; disabled_on=&#8221;off|on|on&#8221; _builder_version=&#8221;3.22.7&#8243; use_background_color_gradient=&#8221;on&#8221; background_color_gradient_start=&#8221;rgba(26,24,68,0)&#8221; background_color_gradient_end=&#8221;#1a1844&#8243; background_color_gradient_overlays_image=&#8221;on&#8221; background_image=&#8221;https:\/\/palamosdigital.com\/tvpalamos\/wp-content\/uploads\/2019\/05\/podcast-02-1.png&#8221; background_position=&#8221;top_center&#8221; width=&#8221;100%&#8221; max_width=&#8221;100%&#8221; custom_margin_last_edited=&#8221;on|desktop&#8221; animation_style=&#8221;slide&#8221; animation_direction=&#8221;bottom&#8221; animation_intensity_slide=&#8221;1%&#8221; use_custom_width=&#8221;on&#8221; width_unit=&#8221;off&#8221; custom_width_percent=&#8221;100%&#8221;][et_pb_column type=&#8221;4_4&#8243; _builder_version=&#8221;3.14&#8243;][et_pb_text disabled_on=&#8221;off|on|on&#8221; _builder_version=&#8221;3.22.7&#8243; text_font=&#8221;||||||||&#8221; text_font_size=&#8221;20px&#8221; text_line_height=&#8221;1.8em&#8221; header_font=&#8221;Lato|900|||||||&#8221; header_font_size=&#8221;75px&#8221; header_letter_spacing=&#8221;1px&#8221; header_line_height=&#8221;1.2em&#8221; header_4_font=&#8221;Raleway|||on|||||&#8221; header_4_font_size=&#8221;22px&#8221; header_4_letter_spacing=&#8221;4px&#8221; header_4_line_height=&#8221;1.6em&#8221; text_orientation=&#8221;center&#8221; background_layout=&#8221;dark&#8221; max_width=&#8221;800px&#8221; module_alignment=&#8221;center&#8221; text_font_size_phone=&#8221;14px&#8221; text_font_size_last_edited=&#8221;on|desktop&#8221; header_font_size_tablet=&#8221;62px&#8221; header_font_size_phone=&#8221;38px&#8221; header_font_size_last_edited=&#8221;on|phone&#8221;]<\/p>\n<h4><\/h4>\n<h1>EL NOU CARTIP\u00c0S MUNICIPAL<\/h1>\n<p>&nbsp;<\/p>\n<p style=\"text-align: center;\"><span>Un cop celebrades les eleccions municipals del 26 de maig i amb l&#8217;acte de constituci\u00f3 del nou Ajuntament, realitzat el dissabte 15 de juny, aquest dimecres l\u2019alcalde de Palam\u00f3s Llu\u00eds Puig ha signat el decret del nou cartip\u00e0s, mitjan\u00e7ant el qual s&#8217;estableixen les delegacions d\u2019atribucions als 10 regidors d&#8217;ERC.<\/span><\/p>\n<p>[\/et_pb_text][\/et_pb_column][\/et_pb_row][\/et_pb_section][et_pb_section fb_built=&#8221;1&#8243; custom_padding_last_edited=&#8221;on|desktop&#8221; disabled_on=&#8221;on|off|off&#8221; admin_label=&#8221;PREGUNTES TEM\u00c0TIQUES (desktop &#8211; tablet)&#8221; _builder_version=&#8221;3.22.7&#8243; background_color=&#8221;#1a1844&#8243; use_background_color_gradient=&#8221;on&#8221; background_color_gradient_start=&#8221;#2b3ea0&#8243; background_color_gradient_end=&#8221;#1a1844&#8243; background_color_gradient_type=&#8221;radial&#8221; background_color_gradient_direction_radial=&#8221;top right&#8221; background_color_gradient_end_position=&#8221;45%&#8221; background_image=&#8221;https:\/\/palamosdigital.com\/tvpalamos\/wp-content\/uploads\/2019\/05\/podcast-01.png&#8221; parallax=&#8221;on&#8221; custom_margin=&#8221;||0px&#8221; custom_margin_last_edited=&#8221;on|desktop&#8221; custom_padding=&#8221;5vw||0||false|false&#8221; background_size__hover=&#8221;cover&#8221; background_size__hover_enabled=&#8221;cover&#8221;][et_pb_row custom_padding=&#8221;||0px|||&#8221; custom_margin=&#8221;-4px|auto|10px|auto||&#8221; custom_padding_last_edited=&#8221;off|desktop&#8221; disabled_on=&#8221;on|off|off&#8221; _builder_version=&#8221;3.22.7&#8243; use_background_color_gradient=&#8221;on&#8221; background_color_gradient_start=&#8221;rgba(26,24,68,0)&#8221; background_color_gradient_end=&#8221;#1a1844&#8243; background_color_gradient_overlays_image=&#8221;on&#8221; background_image=&#8221;https:\/\/palamosdigital.com\/tvpalamos\/wp-content\/uploads\/2019\/05\/podcast-02-1.png&#8221; background_position=&#8221;top_center&#8221; width=&#8221;100%&#8221; max_width=&#8221;100%&#8221; custom_margin_last_edited=&#8221;on|desktop&#8221; animation_style=&#8221;slide&#8221; animation_direction=&#8221;bottom&#8221; animation_intensity_slide=&#8221;1%&#8221; use_custom_width=&#8221;on&#8221; width_unit=&#8221;off&#8221; custom_width_percent=&#8221;100%&#8221;][et_pb_column type=&#8221;4_4&#8243; _builder_version=&#8221;3.14&#8243;][et_pb_text disabled_on=&#8221;on|off|off&#8221; _builder_version=&#8221;3.22.7&#8243; text_font=&#8221;||||||||&#8221; text_font_size=&#8221;20px&#8221; text_line_height=&#8221;1.8em&#8221; header_font=&#8221;Lato|900|||||||&#8221; header_font_size=&#8221;75px&#8221; header_letter_spacing=&#8221;1px&#8221; header_line_height=&#8221;1.2em&#8221; header_4_font=&#8221;Raleway|||on|||||&#8221; header_4_font_size=&#8221;22px&#8221; header_4_letter_spacing=&#8221;4px&#8221; header_4_line_height=&#8221;1.6em&#8221; text_orientation=&#8221;center&#8221; background_layout=&#8221;dark&#8221; max_width=&#8221;800px&#8221; module_alignment=&#8221;center&#8221; text_font_size_phone=&#8221;14px&#8221; text_font_size_last_edited=&#8221;on|desktop&#8221; header_font_size_tablet=&#8221;62px&#8221; header_font_size_phone=&#8221;38px&#8221; header_font_size_last_edited=&#8221;on|phone&#8221;]<\/p>\n<h4>TELEVISI\u00d3 PALAM\u00d3S &#8211; CANAL ELECCIONS<\/h4>\n<h1>EL NOU CARTIP\u00c0S MUNICIPAL<\/h1>\n<p>&nbsp;<\/p>\n<p><span>Un cop celebrades les eleccions municipals del 26 de maig i amb l&#8217;acte de constituci\u00f3 del nou Ajuntament, realitzat el dissabte 15 de juny, aquest dimecres l\u2019alcalde de Palam\u00f3s Llu\u00eds Puig ha signat el decret del nou cartip\u00e0s, mitjan\u00e7ant el qual s&#8217;estableixen les delegacions d\u2019atribucions als 10 regidors d&#8217;ERC.<\/span><\/p>\n<p>[\/et_pb_text][\/et_pb_column][\/et_pb_row][\/et_pb_section][et_pb_section fb_built=&#8221;1&#8243; custom_padding_last_edited=&#8221;off|desktop&#8221; admin_label=&#8221;TEMA 01&#8243; module_id=&#8221;tema01&#8243; _builder_version=&#8221;3.22.7&#8243; background_color=&#8221;#1a1844&#8243; background_image=&#8221;https:\/\/palamosdigital.com\/tvpalamos\/wp-content\/uploads\/2019\/05\/podcast-03.png&#8221; background_size=&#8221;initial&#8221; background_position=&#8221;top_left&#8221; custom_margin=&#8221;-13px|||||&#8221; collapsed=&#8221;off&#8221;][et_pb_row custom_padding=&#8221;80px||0px|||&#8221; custom_padding_phone=&#8221;10px|||&#8221; make_equal=&#8221;on&#8221; custom_padding_last_edited=&#8221;on|phone&#8221; padding_top_bottom_link_2=&#8221;true&#8221; _builder_version=&#8221;3.22.7&#8243; min_height=&#8221;215px&#8221; custom_margin_tablet=&#8221;||-30px&#8221; custom_margin_phone=&#8221;||-80px&#8221; custom_margin_last_edited=&#8221;on|phone&#8221;][et_pb_column type=&#8221;4_4&#8243; _builder_version=&#8221;3.14&#8243;][et_pb_text admin_label=&#8221;TEMA: EL RECOMPTE DE VOTS&#8221; _builder_version=&#8221;3.22.7&#8243; text_font=&#8221;|600||||on|||&#8221; text_text_color=&#8221;#FFFFFF&#8221; text_font_size=&#8221;25px&#8221; header_font=&#8221;||||||||&#8221; header_text_color=&#8221;#7CDA24&#8243; header_2_font=&#8221;Lato|700|||||||&#8221; header_2_font_size=&#8221;52px&#8221; header_2_line_height=&#8221;1.2em&#8221; background_layout=&#8221;dark&#8221; header_2_font_size_phone=&#8221;36px&#8221; header_2_font_size_last_edited=&#8221;on|phone&#8221;]<\/p>\n<h2>41 \u00c0REES DE TREBALL PER A 10 REGIDORS<\/h2>\n<p>[\/et_pb_text][et_pb_divider color=&#8221;#E02B20&#8243; divider_style=&#8221;ridge&#8221; divider_weight=&#8221;5px&#8221; _builder_version=&#8221;3.22.7&#8243; max_width=&#8221;120px&#8221; custom_margin=&#8221;||20px&#8221;][\/et_pb_divider][\/et_pb_column][\/et_pb_row][et_pb_row _builder_version=&#8221;3.23.3&#8243;][et_pb_column type=&#8221;4_4&#8243; _builder_version=&#8221;3.23.3&#8243;][et_pb_image src=&#8221;https:\/\/palamosdigital.com\/tvpalamos\/wp-content\/uploads\/2019\/06\/presentacio-nou-cartipas-municipal-2019-palamos.jpg&#8221; _builder_version=&#8221;3.23.3&#8243;][\/et_pb_image][\/et_pb_column][\/et_pb_row][et_pb_row make_equal=&#8221;on&#8221; padding_top_bottom_link_2=&#8221;true&#8221; admin_label=&#8221;Row&#8221; _builder_version=&#8221;3.22.7&#8243;][et_pb_column type=&#8221;4_4&#8243; _builder_version=&#8221;3.14&#8243;][et_pb_blurb icon_placement=&#8221;left&#8221; content_max_width=&#8221;1100px&#8221; admin_label=&#8221;ABSTENCI\u00d3 &#8211; VOTS NULS I VOTS EN BLANC&#8221; _builder_version=&#8221;3.22.7&#8243; header_font=&#8221;|700||on|||||&#8221; header_text_color=&#8221;#ecef3e&#8221; body_font=&#8221;||||||||&#8221; body_text_color=&#8221;#d8d8d8&#8243; body_font_size=&#8221;16px&#8221;]<\/p>\n<p><span>La sala d\u2019actes de l\u2019Ajuntament de Palam\u00f3s ha acollit aquest dimecres 19 de juny la presentaci\u00f3 del nou cartip\u00e0s municipal amb la delegaci\u00f3 de compet\u00e8ncies als regidors de govern:<\/span><\/p>\n<p><span><span style=\"color: #edf000;\">LLU\u00cdS PUIG MARTORELL<\/span>: a banda de l&#8217;alcaldia, es responsabilitzar\u00e0\u00a0 d&#8217;Urbanisme, Atenci\u00f3 Ciutadana, Transpar\u00e8ncia i Noves Tecnologies.<\/span><\/p>\n<p><span><span style=\"color: #edf000;\">MARIA PUIG FERRER<\/span>: Recursos Humans, Habitatge, Patrimoni Local, Arxiu, Participaci\u00f3 Ciutadana i Comunicaci\u00f3.<\/span><\/p>\n<p><span><span style=\"color: #edf000;\">EMILI COLLS FONTANET<\/span>: Promoci\u00f3 Econ\u00f2mica, Comer\u00e7, Empresa, Fires, Mercats i Patrimoni Mar\u00edtim.<\/span><\/p>\n<p><span><span style=\"color: #edf000;\">XAVIER LLOVERAS<\/span>: Medi Ambient, Platges i Entorn Natural. <\/span><\/p>\n<p><span><span style=\"color: #edf000;\">ALFONS BARTOLOM\u00c9 VENTURA<\/span>: Seguretat, Mobilitat, Ocupaci\u00f3 de Via P\u00fablica i Protecci\u00f3 Civil.<\/span><\/p>\n<p><span><span style=\"color: #edf000;\">LAURA LAFARGA BELLVER<\/span>: Serveis Econ\u00f2mics, Ensenyament, Ciutat Educadora i Gent Gran.<\/span><\/p>\n<p><span><span style=\"color: #edf000;\">N\u00daRIA BOTELL\u00c9 REBULL<\/span>: Cultura, Biblioteca i Turisme.<\/span><\/p>\n<p><span><span style=\"color: #edf000;\">JOAN BARBA GALLARDO<\/span>: Esports, Activitat F\u00edsica i Salut P\u00fablica.<\/span><\/p>\n<p><span><span style=\"color: #edf000;\">MARINA \u00c0LVAREZ BENITO<\/span>: Joventut, Igualtat, Brigada i Cementiris.<\/span><\/p>\n<p><span><span style=\"color: #edf000;\">CHEYMA MECHAAL MECHAAL<\/span>: Acci\u00f3 Social, Immigraci\u00f3, Ciutadania i Cooperaci\u00f3.<\/span><\/p>\n<p><span><\/span><\/p>\n<p><span><\/span><\/p>\n<p>&nbsp;<\/p>\n<p><span><\/span><\/p>\n<p><span style=\"font-size: x-large;\">Organitzaci\u00f3 sota dues grans \u00e0rees<\/span><\/p>\n<p><span><\/span><\/p>\n<p><span>Totes les regidories quedaran organitzades sota dues grans \u00e0rees, amb l\u2019objectiu de potenciar la relaci\u00f3 entre elles teixint estrat\u00e8gies conjuntes per tal de millorar en efici\u00e8ncia.<\/span><\/p>\n<p><span>-1- Amb un \u00e0mbit gen\u00e8ric d&#8217;entorn i territori es coordinaran les regidories municipals amb compet\u00e8ncies amb aquest \u00e0mbit: Urbanisme, Medi Ambient, Brigada i Seguretat i Mobilitat.<\/span><\/p>\n<p><span>-2- L\u2019altra girar\u00e0 entorn l&#8217;educaci\u00f3 i els serveis a les persones, coordinant regidories com: Ensenyament, Acci\u00f3 Social i Ciutadania, Cultura, Patrimoni, Joventut, Esports i Ciutat Educadora.<\/span><\/p>\n<p>&nbsp;<\/p>\n<p><span><\/span><\/p>\n<p><span><\/span><\/p>\n<p><span><\/span><\/p>\n<p><span style=\"font-size: x-large;\">Junta de Govern i tin\u00e8ncies d\u2019alcalde<\/span><\/p>\n<p><span>Cal destacar que la legislatura que ara s&#8217;enceta les Juntes de Govern permetran la pres\u00e8ncia dels portaveus de l&#8217;oposici\u00f3, que en aquest \u00f2rgans de gesti\u00f3 tindran veu sense vot.<\/span><\/p>\n<p><span>Aix\u00ed mateix el decret signat ahir tamb\u00e9 determina els regidors integrants de la Junta de Govern Local:<\/span><\/p>\n<p><span>Sr. Llu\u00eds Puig Martorell, alcalde.<\/span><br \/><span>Sra. Maria Puig Ferrer<\/span><br \/><span>Sr. Emili Colls Fontanet<\/span><br \/><span>Sr. Xavier Lloveras Balma\u00f1a<\/span><br \/><span>Sr. Alfons Bartolom\u00e9 Ventura\u00a0<\/span><br \/><span>Sra. Laura Lafarga Bellver<\/span><\/p>\n<p><span>I, finalment, nomena les tin\u00e8ncies d\u2019alcalde d\u2019aquest Ajuntament, amb el seg\u00fcent ordre:<\/span><\/p>\n<p><span>Primera tinent d\u2019alcalde: Sra. Maria Puig Ferrer\u00a0<\/span><br \/><span>Segon tinent d\u2019alcalde: Sr. Emili Colls Fontanet\u00a0<\/span><br \/><span>Tercer tinent d\u2019alcalde: Sr. Xavier Lloveras Balma\u00f1a<\/span><br \/><span>Quart tinent d\u2019alcalde: Sr. Alfons Bartolom\u00e9 Ventura<\/span><br \/><span>Cinquena tinent d&#8217;alcalde: Sra. Laura Lafarga Bellver<\/span>at,<\/p>\n<p>[\/et_pb_blurb][\/et_pb_column][\/et_pb_row][\/et_pb_section]<\/p>\n","protected":false},"excerpt":{"rendered":"<p>EL NOU CARTIP\u00c0S MUNICIPAL &nbsp; Un cop celebrades les eleccions municipals del 26 de maig i amb l&#8217;acte de constituci\u00f3 del nou Ajuntament, realitzat el dissabte 15 de juny, aquest dimecres l\u2019alcalde de Palam\u00f3s Llu\u00eds Puig ha signat el decret del nou cartip\u00e0s, mitjan\u00e7ant el qual s&#8217;estableixen les delegacions d\u2019atribucions als 10 regidors d&#8217;ERC.TELEVISI\u00d3 PALAM\u00d3S [&hellip;]<\/p>\n","protected":false},"author":1,"featured_media":0,"parent":0,"menu_order":0,"comment_status":"closed","ping_status":"closed","template":"page-template-fullwidth.php","meta":{"_et_pb_use_builder":"on","_et_pb_old_content":"","_et_gb_content_width":"","footnotes":""},"class_list":["post-1504","page","type-page","status-publish","hentry"],"_links":{"self":[{"href":"https:\/\/palamosdigital.com\/tvpalamos\/wp-json\/wp\/v2\/pages\/1504","targetHints":{"allow":["GET"]}}],"collection":[{"href":"https:\/\/palamosdigital.com\/tvpalamos\/wp-json\/wp\/v2\/pages"}],"about":[{"href":"https:\/\/palamosdigital.com\/tvpalamos\/wp-json\/wp\/v2\/types\/page"}],"author":[{"embeddable":true,"href":"https:\/\/palamosdigital.com\/tvpalamos\/wp-json\/wp\/v2\/users\/1"}],"replies":[{"embeddable":true,"href":"https:\/\/palamosdigital.com\/tvpalamos\/wp-json\/wp\/v2\/comments?post=1504"}],"version-history":[{"count":4,"href":"https:\/\/palamosdigital.com\/tvpalamos\/wp-json\/wp\/v2\/pages\/1504\/revisions"}],"predecessor-version":[{"id":3403,"href":"https:\/\/palamosdigital.com\/tvpalamos\/wp-json\/wp\/v2\/pages\/1504\/revisions\/3403"}],"wp:attachment":[{"href":"https:\/\/palamosdigital.com\/tvpalamos\/wp-json\/wp\/v2\/media?parent=1504"}],"curies":[{"name":"wp","href":"https:\/\/api.w.org\/{rel}","templated":true}]}}