{"id":225,"date":"2019-05-16T17:25:07","date_gmt":"2019-05-16T15:25:07","guid":{"rendered":"https:\/\/palamosdigital.com\/tvpalamos\/?page_id=225"},"modified":"2020-05-24T19:40:27","modified_gmt":"2020-05-24T17:40:27","slug":"canal-eleccions-26m","status":"publish","type":"page","link":"https:\/\/palamosdigital.com\/tvpalamos\/canal-eleccions-26m\/","title":{"rendered":"X-EM2019 Canal Eleccions 26M"},"content":{"rendered":"<p>[et_pb_section fb_built=&#8221;1&#8243; disabled_on=&#8221;off|on|on&#8221; admin_label=&#8221;CANAL ELECCIONS (phone)&#8221; _builder_version=&#8221;3.22.7&#8243; background_color=&#8221;#1a1844&#8243; use_background_color_gradient=&#8221;on&#8221; background_color_gradient_start=&#8221;#2b3ea0&#8243; background_color_gradient_end=&#8221;#1a1844&#8243; background_color_gradient_type=&#8221;radial&#8221; background_color_gradient_direction_radial=&#8221;top right&#8221; background_color_gradient_end_position=&#8221;45%&#8221; background_image=&#8221;https:\/\/palamosdigital.com\/tvpalamos\/wp-content\/uploads\/2019\/05\/podcast-01.png&#8221; parallax=&#8221;on&#8221; custom_padding=&#8221;12vw||0||false|false&#8221; background_size__hover=&#8221;cover&#8221; background_size__hover_enabled=&#8221;cover&#8221;][et_pb_row disabled_on=&#8221;off|on|on&#8221; _builder_version=&#8221;3.25&#8243; use_background_color_gradient=&#8221;on&#8221; background_color_gradient_start=&#8221;rgba(26,24,68,0)&#8221; background_color_gradient_end=&#8221;#1a1844&#8243; background_color_gradient_overlays_image=&#8221;on&#8221; background_image=&#8221;https:\/\/palamosdigital.com\/tvpalamos\/wp-content\/uploads\/2019\/05\/podcast-02-1.png&#8221; background_position=&#8221;top_center&#8221; width=&#8221;100%&#8221; max_width=&#8221;100%&#8221; custom_padding=&#8221;|0%||0%||true&#8221; animation_style=&#8221;slide&#8221; animation_direction=&#8221;bottom&#8221; animation_intensity_slide=&#8221;1%&#8221; use_custom_width=&#8221;on&#8221; width_unit=&#8221;off&#8221; custom_width_percent=&#8221;100%&#8221;][et_pb_column type=&#8221;4_4&#8243; _builder_version=&#8221;3.25&#8243; custom_padding=&#8221;|||&#8221; custom_padding__hover=&#8221;|||&#8221;][et_pb_text disabled_on=&#8221;off|on|on&#8221; _builder_version=&#8221;3.27.4&#8243; text_font=&#8221;||||||||&#8221; text_font_size=&#8221;20px&#8221; text_line_height=&#8221;1.8em&#8221; header_font=&#8221;Lato|900|||||||&#8221; header_font_size=&#8221;82px&#8221; header_letter_spacing=&#8221;1px&#8221; header_line_height=&#8221;1.2em&#8221; header_4_font=&#8221;Raleway|||on|||||&#8221; header_4_font_size=&#8221;22px&#8221; header_4_letter_spacing=&#8221;4px&#8221; header_4_line_height=&#8221;1.6em&#8221; text_orientation=&#8221;center&#8221; background_layout=&#8221;dark&#8221; max_width=&#8221;800px&#8221; module_alignment=&#8221;center&#8221; text_font_size_tablet=&#8221;&#8221; text_font_size_phone=&#8221;14px&#8221; text_font_size_last_edited=&#8221;on|desktop&#8221; header_font_size_tablet=&#8221;62px&#8221; header_font_size_phone=&#8221;38px&#8221; header_font_size_last_edited=&#8221;on|phone&#8221;]<\/p>\n<h2 style=\"text-align: center;\">TELEVISI\u00d3 PALAM\u00d3S PRESENTA<\/h2>\n<p>&nbsp;<\/p>\n<h1 style=\"text-align: center;\">CANAL ELECCIONS<\/h1>\n<p>&nbsp;<\/p>\n<p>Aquesta p\u00e0gina del web de Televisi\u00f3 Palam\u00f3s est\u00e0 dedicada a informar a les palamosines i palamosins sobre els candidats i candidatures participants en els comicis electorals del 26 de maig de 2019.<\/p>\n<p>[\/et_pb_text][\/et_pb_column][\/et_pb_row][\/et_pb_section][et_pb_section fb_built=&#8221;1&#8243; disabled_on=&#8221;on|off|off&#8221; admin_label=&#8221;CANAL ELECCIONS (desktop i tablet)&#8221; _builder_version=&#8221;3.22.7&#8243; background_color=&#8221;#1a1844&#8243; use_background_color_gradient=&#8221;on&#8221; background_color_gradient_start=&#8221;#2b3ea0&#8243; background_color_gradient_end=&#8221;#1a1844&#8243; background_color_gradient_type=&#8221;radial&#8221; background_color_gradient_direction_radial=&#8221;top right&#8221; background_color_gradient_end_position=&#8221;45%&#8221; background_image=&#8221;https:\/\/palamosdigital.com\/tvpalamos\/wp-content\/uploads\/2019\/05\/podcast-01.png&#8221; parallax=&#8221;on&#8221; custom_padding=&#8221;12vw||0||false|false&#8221; background_size__hover=&#8221;cover&#8221; background_size__hover_enabled=&#8221;cover&#8221;][et_pb_row disabled_on=&#8221;on|off|off&#8221; _builder_version=&#8221;3.25&#8243; use_background_color_gradient=&#8221;on&#8221; background_color_gradient_start=&#8221;rgba(26,24,68,0)&#8221; background_color_gradient_end=&#8221;#1a1844&#8243; background_color_gradient_overlays_image=&#8221;on&#8221; background_image=&#8221;https:\/\/palamosdigital.com\/tvpalamos\/wp-content\/uploads\/2019\/05\/podcast-02-1.png&#8221; background_position=&#8221;top_center&#8221; width=&#8221;100%&#8221; max_width=&#8221;100%&#8221; custom_padding=&#8221;|10%||10%||true&#8221; animation_style=&#8221;slide&#8221; animation_direction=&#8221;bottom&#8221; animation_intensity_slide=&#8221;1%&#8221; use_custom_width=&#8221;on&#8221; width_unit=&#8221;off&#8221; custom_width_percent=&#8221;100%&#8221;][et_pb_column type=&#8221;4_4&#8243; _builder_version=&#8221;3.25&#8243; custom_padding=&#8221;|||&#8221; custom_padding__hover=&#8221;|||&#8221;][et_pb_text disabled_on=&#8221;on|off|off&#8221; _builder_version=&#8221;4.4.1&#8243; text_font=&#8221;||||||||&#8221; text_font_size=&#8221;20px&#8221; text_line_height=&#8221;1.8em&#8221; header_font=&#8221;Lato|900|||||||&#8221; header_font_size=&#8221;82px&#8221; header_letter_spacing=&#8221;1px&#8221; header_line_height=&#8221;1.2em&#8221; header_4_font=&#8221;Raleway|||on|||||&#8221; header_4_font_size=&#8221;22px&#8221; header_4_letter_spacing=&#8221;4px&#8221; header_4_line_height=&#8221;1.6em&#8221; text_orientation=&#8221;center&#8221; background_layout=&#8221;dark&#8221; max_width=&#8221;800px&#8221; module_alignment=&#8221;center&#8221; text_font_size_tablet=&#8221;&#8221; text_font_size_phone=&#8221;14px&#8221; text_font_size_last_edited=&#8221;on|desktop&#8221; header_font_size_tablet=&#8221;62px&#8221; header_font_size_phone=&#8221;38px&#8221; header_font_size_last_edited=&#8221;on|phone&#8221;]<\/p>\n<h4>TELEVISI\u00d3 PALAM\u00d3S US OFEREIX EL<\/h4>\n<h1>CANAL ELECCIONS<\/h1>\n<p>&nbsp;<\/p>\n<p>Aquesta p\u00e0gina del web de Televisi\u00f3 Palam\u00f3s est\u00e0 dedicada a informar a les palamosines i palamosins sobre els candidats i candidatures participants en els comicis electorals del 26 de maig de 2019.<\/p>\n<p>[\/et_pb_text][\/et_pb_column][\/et_pb_row][\/et_pb_section][et_pb_section fb_built=&#8221;1&#8243; admin_label=&#8221;About&#8221; _builder_version=&#8221;3.22.7&#8243; background_color=&#8221;#1a1844&#8243; background_image=&#8221;https:\/\/palamosdigital.com\/tvpalamos\/wp-content\/uploads\/2019\/05\/podcast-03.png&#8221; background_size=&#8221;initial&#8221; background_position=&#8221;top_left&#8221; custom_padding=&#8221;|||&#8221;][et_pb_row column_structure=&#8221;1_2,1_4,1_4&#8243; make_equal=&#8221;on&#8221; custom_padding_last_edited=&#8221;on|phone&#8221; padding_top_bottom_link_2=&#8221;true&#8221; _builder_version=&#8221;3.25&#8243; min_height=&#8221;215px&#8221; custom_margin_tablet=&#8221;||-30px&#8221; custom_margin_phone=&#8221;||-80px&#8221; custom_margin_last_edited=&#8221;on|phone&#8221; custom_padding=&#8221;80px||0px|||&#8221; custom_padding_tablet=&#8221;&#8221; custom_padding_phone=&#8221;10px|||&#8221;][et_pb_column type=&#8221;1_2&#8243; _builder_version=&#8221;3.25&#8243; custom_padding=&#8221;|||&#8221; custom_padding__hover=&#8221;|||&#8221;][et_pb_text _builder_version=&#8221;3.27.4&#8243; text_font=&#8221;||||||||&#8221; text_font_size=&#8221;10px&#8221; header_font=&#8221;||||||||&#8221; header_2_font=&#8221;Lato|700|||||||&#8221; header_2_font_size=&#8221;52px&#8221; header_2_line_height=&#8221;1.2em&#8221; background_layout=&#8221;dark&#8221; header_2_font_size_tablet=&#8221;&#8221; header_2_font_size_phone=&#8221;36px&#8221; header_2_font_size_last_edited=&#8221;on|phone&#8221;]<\/p>\n<h2>SUMARI<\/h2>\n<p>[\/et_pb_text][et_pb_divider color=&#8221;#fe4943&#8243; divider_weight=&#8221;5px&#8221; _builder_version=&#8221;3.14&#8243; max_width=&#8221;120px&#8221;][\/et_pb_divider][\/et_pb_column][et_pb_column type=&#8221;1_4&#8243; _builder_version=&#8221;3.25&#8243; custom_padding=&#8221;|||&#8221; custom_padding__hover=&#8221;|||&#8221;][\/et_pb_column][et_pb_column type=&#8221;1_4&#8243; _builder_version=&#8221;3.25&#8243; custom_padding=&#8221;|||&#8221; custom_padding__hover=&#8221;|||&#8221;][\/et_pb_column][\/et_pb_row][et_pb_row column_structure=&#8221;1_2,1_2&#8243; make_equal=&#8221;on&#8221; padding_top_bottom_link_2=&#8221;true&#8221; _builder_version=&#8221;3.25&#8243;][et_pb_column type=&#8221;1_2&#8243; _builder_version=&#8221;3.25&#8243; custom_padding=&#8221;|||&#8221; custom_padding__hover=&#8221;|||&#8221;][et_pb_blurb title=&#8221;Els candidats&#8221; url=&#8221;https:\/\/palamosdigital.com\/tvpalamos\/els-candidats-2019\/&#8221; use_icon=&#8221;on&#8221; font_icon=&#8221;%%259%%&#8221; icon_color=&#8221;#000000&#8243; use_circle=&#8221;on&#8221; circle_color=&#8221;#dce000&#8243; icon_placement=&#8221;left&#8221; use_icon_font_size=&#8221;on&#8221; icon_font_size=&#8221;25px&#8221; icon_font_size_tablet=&#8221;&#8221; icon_font_size_phone=&#8221;15px&#8221; icon_font_size_last_edited=&#8221;on|desktop&#8221; admin_label=&#8221;LINK &#8211; ELS CANDIDATS&#8221; _builder_version=&#8221;3.22.7&#8243; header_level=&#8221;h6&#8243; header_font=&#8221;|700|on||||||&#8221; header_text_align=&#8221;left&#8221; header_text_color=&#8221;#d8d8d8&#8243; header_font_size=&#8221;30px&#8221; body_font=&#8221;||||||||&#8221; custom_margin_tablet=&#8221;&#8221; custom_margin_phone=&#8221;&#8221; custom_margin_last_edited=&#8221;on|desktop&#8221; animation_style=&#8221;flip&#8221; header_font_size_tablet=&#8221;&#8221; header_font_size_phone=&#8221;20px&#8221; header_font_size_last_edited=&#8221;on|phone&#8221;]<\/p>\n<h3>\u00a0<\/h3>\n<p>[\/et_pb_blurb][et_pb_blurb title=&#8221;Llistes electorals&#8221; url=&#8221;https:\/\/palamosdigital.com\/tvpalamos\/llistes-electorals-2019&#8243; use_icon=&#8221;on&#8221; font_icon=&#8221;%%65%%&#8221; icon_color=&#8221;#000000&#8243; use_circle=&#8221;on&#8221; circle_color=&#8221;#dce000&#8243; icon_placement=&#8221;left&#8221; use_icon_font_size=&#8221;on&#8221; icon_font_size=&#8221;25px&#8221; icon_font_size_tablet=&#8221;&#8221; icon_font_size_phone=&#8221;15px&#8221; icon_font_size_last_edited=&#8221;on|desktop&#8221; admin_label=&#8221;LINK &#8211; LLISTES ELECTORALS&#8221; _builder_version=&#8221;3.22.7&#8243; header_level=&#8221;h6&#8243; header_font=&#8221;|700|on||||||&#8221; header_text_align=&#8221;left&#8221; header_text_color=&#8221;#d8d8d8&#8243; header_font_size=&#8221;30px&#8221; body_font=&#8221;||||||||&#8221; custom_margin=&#8221;-55px|||&#8221; animation_style=&#8221;flip&#8221; header_font_size_tablet=&#8221;&#8221; header_font_size_phone=&#8221;20px&#8221; header_font_size_last_edited=&#8221;on|phone&#8221;]<\/p>\n<h3>\u00a0<\/h3>\n<p>[\/et_pb_blurb][et_pb_blurb title=&#8221;Preguntes tem\u00e0tiques&#8221; url=&#8221;https:\/\/palamosdigital.com\/tvpalamos\/preguntes-tematiques-2019\/&#8221; use_icon=&#8221;on&#8221; font_icon=&#8221;%%103%%&#8221; icon_color=&#8221;#000000&#8243; use_circle=&#8221;on&#8221; circle_color=&#8221;#dce000&#8243; icon_placement=&#8221;left&#8221; use_icon_font_size=&#8221;on&#8221; icon_font_size=&#8221;25px&#8221; icon_font_size_tablet=&#8221;&#8221; icon_font_size_phone=&#8221;15px&#8221; icon_font_size_last_edited=&#8221;on|desktop&#8221; admin_label=&#8221;LINK &#8211; PREGUNTES TEM\u00c0TIQUES&#8221; _builder_version=&#8221;3.22.7&#8243; header_level=&#8221;h6&#8243; header_font=&#8221;|700|on||||||&#8221; header_text_align=&#8221;left&#8221; header_text_color=&#8221;#d8d8d8&#8243; header_font_size=&#8221;30px&#8221; body_font=&#8221;||||||||&#8221; custom_margin=&#8221;-55px||&#8221; animation_style=&#8221;flip&#8221; header_font_size_tablet=&#8221;&#8221; header_font_size_phone=&#8221;20px&#8221; header_font_size_last_edited=&#8221;on|desktop&#8221;]<\/p>\n<h3>\u00a0<\/h3>\n<p>[\/et_pb_blurb][et_pb_blurb title=&#8221;Antecedent electoral&#8221; url=&#8221;https:\/\/palamosdigital.com\/tvpalamos\/antecedent-electoral-2019\/&#8221; use_icon=&#8221;on&#8221; font_icon=&#8221;%%160%%&#8221; icon_color=&#8221;#000000&#8243; use_circle=&#8221;on&#8221; circle_color=&#8221;#dce000&#8243; icon_placement=&#8221;left&#8221; use_icon_font_size=&#8221;on&#8221; icon_font_size=&#8221;25px&#8221; icon_font_size_tablet=&#8221;&#8221; icon_font_size_phone=&#8221;15px&#8221; icon_font_size_last_edited=&#8221;on|desktop&#8221; admin_label=&#8221;LINK &#8211; ANTECEDENTS ELECTORALS&#8221; _builder_version=&#8221;3.22.7&#8243; header_level=&#8221;h6&#8243; header_font=&#8221;|700|on||||||&#8221; header_text_align=&#8221;left&#8221; header_text_color=&#8221;#d8d8d8&#8243; header_font_size=&#8221;30px&#8221; body_font=&#8221;||||||||&#8221; custom_margin=&#8221;-55px||&#8221; animation_style=&#8221;flip&#8221; header_font_size_tablet=&#8221;&#8221; header_font_size_phone=&#8221;20px&#8221; header_font_size_last_edited=&#8221;on|desktop&#8221;]<\/p>\n<h3>\u00a0<\/h3>\n<p>[\/et_pb_blurb][et_pb_blurb title=&#8221;El dia de la votaci\u00f3&#8221; url=&#8221;https:\/\/palamosdigital.com\/tvpalamos\/el-dia-de-la-votacio-2019\/&#8221; use_icon=&#8221;on&#8221; font_icon=&#8221;%%57%%&#8221; icon_color=&#8221;#000000&#8243; use_circle=&#8221;on&#8221; circle_color=&#8221;#dce000&#8243; icon_placement=&#8221;left&#8221; use_icon_font_size=&#8221;on&#8221; icon_font_size=&#8221;25px&#8221; icon_font_size_tablet=&#8221;&#8221; icon_font_size_phone=&#8221;15px&#8221; icon_font_size_last_edited=&#8221;on|desktop&#8221; admin_label=&#8221;LINK &#8211; EL DIA DE LA VOTACI\u00d3&#8221; _builder_version=&#8221;3.22.7&#8243; header_level=&#8221;h6&#8243; header_font=&#8221;|700|on||||||&#8221; header_text_align=&#8221;left&#8221; header_text_color=&#8221;#eaeaea&#8221; header_font_size=&#8221;30px&#8221; body_font=&#8221;||||||||&#8221; custom_margin=&#8221;-55px||&#8221; animation_style=&#8221;flip&#8221; header_font_size_tablet=&#8221;&#8221; header_font_size_phone=&#8221;20px&#8221; header_font_size_last_edited=&#8221;on|desktop&#8221;]<\/p>\n<h3>\u00a0<\/h3>\n<p>[\/et_pb_blurb][et_pb_blurb title=&#8221;Els resultats del 26M&#8221; url=&#8221;https:\/\/palamosdigital.com\/tvpalamos\/els-resultats-del-26m-2019\/&#8221; use_icon=&#8221;on&#8221; font_icon=&#8221;%%134%%&#8221; icon_color=&#8221;#000000&#8243; use_circle=&#8221;on&#8221; circle_color=&#8221;#dce000&#8243; icon_placement=&#8221;left&#8221; use_icon_font_size=&#8221;on&#8221; icon_font_size=&#8221;25px&#8221; icon_font_size_tablet=&#8221;&#8221; icon_font_size_phone=&#8221;15px&#8221; icon_font_size_last_edited=&#8221;on|desktop&#8221; admin_label=&#8221;LINK &#8211; ELS RESULTATS&#8221; _builder_version=&#8221;3.23.3&#8243; header_level=&#8221;h6&#8243; header_font=&#8221;|700|on||||||&#8221; header_text_align=&#8221;left&#8221; header_text_color=&#8221;#eaeaea&#8221; header_font_size=&#8221;30px&#8221; body_font=&#8221;||||||||&#8221; custom_margin=&#8221;-55px||&#8221; animation_style=&#8221;flip&#8221; header_font_size_tablet=&#8221;&#8221; header_font_size_phone=&#8221;20px&#8221; header_font_size_last_edited=&#8221;on|desktop&#8221;]<\/p>\n<h3>\u00a0<\/h3>\n<p>[\/et_pb_blurb][et_pb_blurb title=&#8221;El dia de la investidura&#8221; url=&#8221;https:\/\/palamosdigital.com\/tvpalamos\/el-dia-de-la-investidura\/&#8221; use_icon=&#8221;on&#8221; font_icon=&#8221;%%128%%&#8221; icon_color=&#8221;#000000&#8243; use_circle=&#8221;on&#8221; circle_color=&#8221;#dce000&#8243; icon_placement=&#8221;left&#8221; use_icon_font_size=&#8221;on&#8221; icon_font_size=&#8221;25px&#8221; icon_font_size_tablet=&#8221;&#8221; icon_font_size_phone=&#8221;15px&#8221; icon_font_size_last_edited=&#8221;on|phone&#8221; admin_label=&#8221;LINK &#8211; EL DIA DE LA INVESTIDURA&#8221; _builder_version=&#8221;3.23.3&#8243; header_level=&#8221;h6&#8243; header_font=&#8221;|700|on||||||&#8221; header_text_align=&#8221;left&#8221; header_text_color=&#8221;#eaeaea&#8221; header_font_size=&#8221;30px&#8221; body_font=&#8221;||||||||&#8221; custom_margin=&#8221;-55px||&#8221; animation_style=&#8221;flip&#8221; header_font_size_tablet=&#8221;&#8221; header_font_size_phone=&#8221;20px&#8221; header_font_size_last_edited=&#8221;on|phone&#8221;]<\/p>\n<h3>\u00a0<\/h3>\n<p>[\/et_pb_blurb][et_pb_blurb title=&#8221;El nou cartip\u00e0s municipal&#8221; url=&#8221;https:\/\/palamosdigital.com\/tvpalamos\/el-nou-cartipas-municipal-2019&#8243; use_icon=&#8221;on&#8221; font_icon=&#8221;%%159%%&#8221; icon_color=&#8221;#000000&#8243; use_circle=&#8221;on&#8221; circle_color=&#8221;#dce000&#8243; icon_placement=&#8221;left&#8221; use_icon_font_size=&#8221;on&#8221; icon_font_size=&#8221;25px&#8221; icon_font_size_tablet=&#8221;&#8221; icon_font_size_phone=&#8221;15px&#8221; icon_font_size_last_edited=&#8221;on|desktop&#8221; admin_label=&#8221;LINK &#8211; EL NOU AJUNTAMENT&#8221; _builder_version=&#8221;3.23.3&#8243; header_level=&#8221;h6&#8243; header_font=&#8221;|700|on||||||&#8221; header_text_align=&#8221;left&#8221; header_text_color=&#8221;#eaeaea&#8221; header_font_size=&#8221;30px&#8221; body_font=&#8221;||||||||&#8221; custom_margin=&#8221;-55px||&#8221; animation_style=&#8221;flip&#8221; header_font_size_tablet=&#8221;&#8221; header_font_size_phone=&#8221;20px&#8221; header_font_size_last_edited=&#8221;on|desktop&#8221;]<\/p>\n<h3>\u00a0<\/h3>\n<p>[\/et_pb_blurb][\/et_pb_column][et_pb_column type=&#8221;1_2&#8243; _builder_version=&#8221;3.25&#8243; custom_padding=&#8221;|||&#8221; custom_padding__hover=&#8221;|||&#8221;][et_pb_image src=&#8221;https:\/\/palamosdigital.com\/tvpalamos\/wp-content\/uploads\/2019\/05\/escut-oficial-de-palamos.jpg&#8221; align_tablet=&#8221;center&#8221; align_phone=&#8221;&#8221; align_last_edited=&#8221;on|desktop&#8221; _builder_version=&#8221;3.23&#8243; custom_margin=&#8221;-45px||&#8221; custom_margin_tablet=&#8221;0px||-30px&#8221; custom_margin_phone=&#8221;||-35px|&#8221; custom_margin_last_edited=&#8221;on|phone&#8221;][\/et_pb_image][\/et_pb_column][\/et_pb_row][\/et_pb_section]<\/p>\n","protected":false},"excerpt":{"rendered":"<p>TELEVISI\u00d3 PALAM\u00d3S PRESENTA &nbsp; CANAL ELECCIONS &nbsp; Aquesta p\u00e0gina del web de Televisi\u00f3 Palam\u00f3s est\u00e0 dedicada a informar a les palamosines i palamosins sobre els candidats i candidatures participants en els comicis electorals del 26 de maig de 2019.TELEVISI\u00d3 PALAM\u00d3S US OFEREIX EL CANAL ELECCIONS &nbsp; Aquesta p\u00e0gina del web de Televisi\u00f3 Palam\u00f3s est\u00e0 dedicada [&hellip;]<\/p>\n","protected":false},"author":1,"featured_media":0,"parent":0,"menu_order":0,"comment_status":"closed","ping_status":"closed","template":"page-template-fullwidth.php","meta":{"_et_pb_use_builder":"on","_et_pb_old_content":"","_et_gb_content_width":"","footnotes":""},"class_list":["post-225","page","type-page","status-publish","hentry"],"_links":{"self":[{"href":"https:\/\/palamosdigital.com\/tvpalamos\/wp-json\/wp\/v2\/pages\/225","targetHints":{"allow":["GET"]}}],"collection":[{"href":"https:\/\/palamosdigital.com\/tvpalamos\/wp-json\/wp\/v2\/pages"}],"about":[{"href":"https:\/\/palamosdigital.com\/tvpalamos\/wp-json\/wp\/v2\/types\/page"}],"author":[{"embeddable":true,"href":"https:\/\/palamosdigital.com\/tvpalamos\/wp-json\/wp\/v2\/users\/1"}],"replies":[{"embeddable":true,"href":"https:\/\/palamosdigital.com\/tvpalamos\/wp-json\/wp\/v2\/comments?post=225"}],"version-history":[{"count":88,"href":"https:\/\/palamosdigital.com\/tvpalamos\/wp-json\/wp\/v2\/pages\/225\/revisions"}],"predecessor-version":[{"id":3401,"href":"https:\/\/palamosdigital.com\/tvpalamos\/wp-json\/wp\/v2\/pages\/225\/revisions\/3401"}],"wp:attachment":[{"href":"https:\/\/palamosdigital.com\/tvpalamos\/wp-json\/wp\/v2\/media?parent=225"}],"curies":[{"name":"wp","href":"https:\/\/api.w.org\/{rel}","templated":true}]}}