{"id":753,"date":"2019-05-23T15:48:58","date_gmt":"2019-05-23T13:48:58","guid":{"rendered":"https:\/\/palamosdigital.com\/tvpalamos\/?page_id=753"},"modified":"2020-05-24T19:40:45","modified_gmt":"2020-05-24T17:40:45","slug":"antecedent-electoral-2019","status":"publish","type":"page","link":"https:\/\/palamosdigital.com\/tvpalamos\/antecedent-electoral-2019\/","title":{"rendered":"X-EM2019 Antecedent electoral 2019"},"content":{"rendered":"<p>[et_pb_section fb_built=&#8221;1&#8243; custom_padding_last_edited=&#8221;on|desktop&#8221; disabled_on=&#8221;off|on|on&#8221; admin_label=&#8221;ELS CANDIDATS (desktop &#8211; tablet)&#8221; _builder_version=&#8221;3.22.7&#8243; background_color=&#8221;#1a1844&#8243; use_background_color_gradient=&#8221;on&#8221; background_color_gradient_start=&#8221;#2b3ea0&#8243; background_color_gradient_end=&#8221;#1a1844&#8243; background_color_gradient_type=&#8221;radial&#8221; background_color_gradient_direction_radial=&#8221;top right&#8221; background_color_gradient_end_position=&#8221;45%&#8221; background_image=&#8221;https:\/\/palamosdigital.com\/tvpalamos\/wp-content\/uploads\/2019\/05\/podcast-01.png&#8221; parallax=&#8221;on&#8221; custom_margin_last_edited=&#8221;on|phone&#8221; custom_padding=&#8221;0vw||0||false|false&#8221; background_size__hover=&#8221;cover&#8221; background_size__hover_enabled=&#8221;cover&#8221;][et_pb_row custom_padding=&#8221;47px||87px|||&#8221; custom_padding_tablet=&#8221;120px||&#8221; custom_padding_phone=&#8221;44px||87px|||&#8221; custom_margin=&#8221;-4px|auto|1px|auto||&#8221; custom_padding_last_edited=&#8221;on|tablet&#8221; disabled_on=&#8221;off|off|off&#8221; _builder_version=&#8221;3.22.7&#8243; use_background_color_gradient=&#8221;on&#8221; background_color_gradient_start=&#8221;rgba(26,24,68,0)&#8221; background_color_gradient_end=&#8221;#1a1844&#8243; background_color_gradient_overlays_image=&#8221;on&#8221; background_image=&#8221;https:\/\/palamosdigital.com\/tvpalamos\/wp-content\/uploads\/2019\/05\/podcast-02-1.png&#8221; background_position=&#8221;top_center&#8221; width=&#8221;100%&#8221; max_width=&#8221;100%&#8221; custom_margin_last_edited=&#8221;on|desktop&#8221; animation_style=&#8221;slide&#8221; animation_direction=&#8221;bottom&#8221; animation_intensity_slide=&#8221;1%&#8221; use_custom_width=&#8221;on&#8221; width_unit=&#8221;off&#8221; custom_width_percent=&#8221;100%&#8221;][et_pb_column type=&#8221;4_4&#8243; _builder_version=&#8221;3.14&#8243;][et_pb_text disabled_on=&#8221;off|off|off&#8221; _builder_version=&#8221;3.22.7&#8243; text_font=&#8221;||||||||&#8221; text_font_size=&#8221;20px&#8221; text_font_size_phone=&#8221;14px&#8221; text_font_size_last_edited=&#8221;on|desktop&#8221; text_line_height=&#8221;1.8em&#8221; header_font=&#8221;Lato|900|||||||&#8221; header_font_size=&#8221;75px&#8221; header_font_size_tablet=&#8221;62px&#8221; header_font_size_phone=&#8221;38px&#8221; header_font_size_last_edited=&#8221;on|phone&#8221; header_letter_spacing=&#8221;1px&#8221; header_line_height=&#8221;1.2em&#8221; header_4_font=&#8221;Raleway|||on|||||&#8221; header_4_font_size=&#8221;22px&#8221; header_4_letter_spacing=&#8221;4px&#8221; header_4_line_height=&#8221;1.6em&#8221; text_orientation=&#8221;center&#8221; background_layout=&#8221;dark&#8221; max_width=&#8221;800px&#8221; module_alignment=&#8221;center&#8221;]<\/p>\n<h4>CANAL ELECCIONS<\/h4>\n<h1>ANTECEDENT ELECTORAL<\/h1>\n<p>&nbsp;<\/p>\n<p>En aquesta secci\u00f3, l&#8217;equip de Documentaci\u00f3 de Televisi\u00f3 Palam\u00f3s us ofereix les dades de les darreres Eleccions Municipals 2015 a Palam\u00f3s.<\/p>\n<p>Publiquem els resultats per ordre alfab\u00e8tic del nom de cada candidatura.<\/p>\n<p>[\/et_pb_text][\/et_pb_column][\/et_pb_row][\/et_pb_section][et_pb_section fb_built=&#8221;1&#8243; custom_padding_last_edited=&#8221;on|desktop&#8221; disabled_on=&#8221;on|off|off&#8221; admin_label=&#8221;ELS CANDIDATS (desktop &#8211; tablet)&#8221; _builder_version=&#8221;3.22.7&#8243; background_color=&#8221;#1a1844&#8243; use_background_color_gradient=&#8221;on&#8221; background_color_gradient_start=&#8221;#2b3ea0&#8243; background_color_gradient_end=&#8221;#1a1844&#8243; background_color_gradient_type=&#8221;radial&#8221; background_color_gradient_direction_radial=&#8221;top right&#8221; background_color_gradient_end_position=&#8221;45%&#8221; background_image=&#8221;https:\/\/palamosdigital.com\/tvpalamos\/wp-content\/uploads\/2019\/05\/podcast-01.png&#8221; parallax=&#8221;on&#8221; custom_margin_last_edited=&#8221;on|desktop&#8221; custom_padding=&#8221;5vw||0||false|false&#8221; background_size__hover=&#8221;cover&#8221; background_size__hover_enabled=&#8221;cover&#8221;][et_pb_row custom_padding=&#8221;47px||87px|||&#8221; custom_padding_tablet=&#8221;120px||&#8221; custom_margin=&#8221;-4px|auto|93px|auto||&#8221; custom_padding_last_edited=&#8221;on|tablet&#8221; disabled_on=&#8221;on|off|off&#8221; _builder_version=&#8221;3.22.7&#8243; use_background_color_gradient=&#8221;on&#8221; background_color_gradient_start=&#8221;rgba(26,24,68,0)&#8221; background_color_gradient_end=&#8221;#1a1844&#8243; background_color_gradient_overlays_image=&#8221;on&#8221; background_image=&#8221;https:\/\/palamosdigital.com\/tvpalamos\/wp-content\/uploads\/2019\/05\/podcast-02-1.png&#8221; background_position=&#8221;top_center&#8221; width=&#8221;100%&#8221; max_width=&#8221;100%&#8221; custom_margin_last_edited=&#8221;on|desktop&#8221; animation_style=&#8221;slide&#8221; animation_direction=&#8221;bottom&#8221; animation_intensity_slide=&#8221;1%&#8221; use_custom_width=&#8221;on&#8221; width_unit=&#8221;off&#8221; custom_width_percent=&#8221;100%&#8221;][et_pb_column type=&#8221;4_4&#8243; _builder_version=&#8221;3.14&#8243;][et_pb_text disabled_on=&#8221;on|off|off&#8221; _builder_version=&#8221;3.22.7&#8243; text_font=&#8221;||||||||&#8221; text_font_size=&#8221;20px&#8221; text_font_size_phone=&#8221;14px&#8221; text_font_size_last_edited=&#8221;on|desktop&#8221; text_line_height=&#8221;1.8em&#8221; header_font=&#8221;Lato|900|||||||&#8221; header_font_size=&#8221;75px&#8221; header_font_size_tablet=&#8221;62px&#8221; header_font_size_phone=&#8221;38px&#8221; header_font_size_last_edited=&#8221;on|phone&#8221; header_letter_spacing=&#8221;1px&#8221; header_line_height=&#8221;1.2em&#8221; header_4_font=&#8221;Raleway|||on|||||&#8221; header_4_font_size=&#8221;22px&#8221; header_4_letter_spacing=&#8221;4px&#8221; header_4_line_height=&#8221;1.6em&#8221; text_orientation=&#8221;center&#8221; background_layout=&#8221;dark&#8221; max_width=&#8221;800px&#8221; module_alignment=&#8221;center&#8221;]<\/p>\n<h4>TELEVISI\u00d3 PALAM\u00d3S &#8211; CANAL ELECCIONS<\/h4>\n<h1>ANTECEDENT ELECTORAL<\/h1>\n<p>&nbsp;<\/p>\n<p>En aquesta secci\u00f3, l&#8217;equip de Documentaci\u00f3 de Televisi\u00f3 Palam\u00f3s us ofereix les dades de les darreres Eleccions Municipals 2015 a Palam\u00f3s.<\/p>\n<p>Publiquem els resultats per ordre alfab\u00e8tic del nom de cada candidatura.<\/p>\n<p>[\/et_pb_text][\/et_pb_column][\/et_pb_row][\/et_pb_section][et_pb_section fb_built=&#8221;1&#8243; custom_padding_last_edited=&#8221;on|desktop&#8221; _builder_version=&#8221;3.22.7&#8243; background_color=&#8221;#1a1841&#8243; min_height=&#8221;2057px&#8221; custom_margin=&#8221;-93px||0px|||&#8221;][et_pb_row custom_padding=&#8221;||59px|||&#8221; _builder_version=&#8221;3.22.7&#8243;][et_pb_column type=&#8221;4_4&#8243; _builder_version=&#8221;3.22.7&#8243;][et_pb_text _builder_version=&#8221;3.22.7&#8243; text_font=&#8221;|600|||||||&#8221; text_text_color=&#8221;#eaeaea&#8221; text_font_size=&#8221;45px&#8221; text_font_size_tablet=&#8221;30px&#8221; text_font_size_phone=&#8221;22px&#8221; text_font_size_last_edited=&#8221;on|phone&#8221; background_color=&#8221;#006eff&#8221; custom_margin=&#8221;||||false&#8221; custom_padding=&#8221;15px||15px||true&#8221;]<\/p>\n<p style=\"text-align: center;\">ELECCIONS MUNICIPALS 2015<\/p>\n<p>[\/et_pb_text][\/et_pb_column][\/et_pb_row][et_pb_row _builder_version=&#8221;3.22.7&#8243; background_color=&#8221;#000000&#8243;][et_pb_column type=&#8221;4_4&#8243; _builder_version=&#8221;3.22.7&#8243;][et_pb_text _builder_version=&#8221;3.22.7&#8243; text_font=&#8221;|600||||on|||&#8221; text_text_color=&#8221;#E02B20&#8243; text_font_size=&#8221;25px&#8221; custom_margin=&#8221;-20px||-20px||true&#8221;]<\/p>\n<p style=\"text-align: center;\">DADES CENSALS<\/p>\n<p>[\/et_pb_text][\/et_pb_column][\/et_pb_row][et_pb_row custom_padding=&#8221;16px||0px|||&#8221; custom_margin=&#8221;|auto|50px|auto||&#8221; background_color_1=&#8221;#000000&#8243; background_color_2=&#8221;#000000&#8243; _builder_version=&#8221;3.22.7&#8243; background_color_gradient_direction=&#8221;360deg&#8221;][et_pb_column type=&#8221;1_2&#8243; _builder_version=&#8221;3.22.7&#8243;][et_pb_number_counter title=&#8221;POBLACI\u00d3 DE PALAM\u00d3S&#8221; number=&#8221;17.805&#8243; percent_sign=&#8221;off&#8221; _builder_version=&#8221;3.22.7&#8243; title_font=&#8221;|700||on|||||&#8221; title_text_color=&#8221;#E02B20&#8243; number_font=&#8221;||||||||&#8221; number_text_color=&#8221;#eaeaea&#8221; custom_margin=&#8221;10px||&#8221;][\/et_pb_number_counter][\/et_pb_column][et_pb_column type=&#8221;1_2&#8243; _builder_version=&#8221;3.22.7&#8243;][et_pb_number_counter title=&#8221;CENS ELECTORAL&#8221; number=&#8221;13.161&#8243; percent_sign=&#8221;off&#8221; _builder_version=&#8221;3.22.7&#8243; title_font=&#8221;|700||on|||||&#8221; title_text_color=&#8221;#E02B20&#8243; number_font=&#8221;||||||||&#8221; number_text_color=&#8221;#eaeaea&#8221; custom_margin=&#8221;10px||&#8221;][\/et_pb_number_counter][\/et_pb_column][\/et_pb_row][et_pb_row _builder_version=&#8221;3.22.7&#8243; background_color=&#8221;#000000&#8243;][et_pb_column type=&#8221;4_4&#8243; _builder_version=&#8221;3.22.7&#8243;][et_pb_text _builder_version=&#8221;3.22.7&#8243; text_font=&#8221;|600||||on|||&#8221; text_text_color=&#8221;#E02B20&#8243; text_font_size=&#8221;25px&#8221; custom_margin=&#8221;-20px||-20px||true&#8221;]<\/p>\n<p style=\"text-align: center;\">DADES DE PARTICIPACI\u00d3<\/p>\n<p>[\/et_pb_text][\/et_pb_column][\/et_pb_row][et_pb_row custom_padding=&#8221;||13px|||&#8221; custom_margin=&#8221;|auto|1px|auto||&#8221; _builder_version=&#8221;3.22.7&#8243;][et_pb_column type=&#8221;1_4&#8243; _builder_version=&#8221;3.22.7&#8243;][et_pb_circle_counter title=&#8221;A LES 14:00H&#8221; number=&#8221;33,5&#8243; bar_bg_color=&#8221;#EDF000&#8243; circle_color=&#8221;#0C71C3&#8243; circle_color_alpha=&#8221;0.3&#8243; _builder_version=&#8221;3.22.7&#8243; title_font=&#8221;|700||on|||||&#8221; title_text_color=&#8221;#e02b20&#8243; number_font=&#8221;||||||||&#8221; number_text_color=&#8221;#ffffff&#8221;][\/et_pb_circle_counter][\/et_pb_column][et_pb_column type=&#8221;1_4&#8243; _builder_version=&#8221;3.22.7&#8243;][et_pb_circle_counter title=&#8221;A LES 18:00H&#8221; number=&#8221;44,9&#8243; bar_bg_color=&#8221;#EDF000&#8243; circle_color=&#8221;#0C71C3&#8243; circle_color_alpha=&#8221;0.3&#8243; _builder_version=&#8221;3.22.7&#8243; title_font=&#8221;|700||on|||||&#8221; title_text_color=&#8221;#e02b20&#8243; number_font=&#8221;||||||||&#8221; number_text_color=&#8221;#ffffff&#8221;][\/et_pb_circle_counter][\/et_pb_column][et_pb_column type=&#8221;1_4&#8243; _builder_version=&#8221;3.22.7&#8243;][et_pb_circle_counter title=&#8221;A LES 20:00H&#8221; number=&#8221;55,6&#8243; bar_bg_color=&#8221;#EDF000&#8243; circle_color=&#8221;#0C71C3&#8243; circle_color_alpha=&#8221;0.3&#8243; _builder_version=&#8221;3.22.7&#8243; title_font=&#8221;|700||on|||||&#8221; title_text_color=&#8221;#e02b20&#8243; number_font=&#8221;||||||||&#8221; number_text_color=&#8221;#ffffff&#8221;][\/et_pb_circle_counter][\/et_pb_column][et_pb_column type=&#8221;1_4&#8243; _builder_version=&#8221;3.22.7&#8243;][et_pb_circle_counter title=&#8221;ABSTENCI\u00d3&#8221; number=&#8221;44,4&#8243; bar_bg_color=&#8221;#EDF000&#8243; circle_color=&#8221;#0C71C3&#8243; circle_color_alpha=&#8221;0.3&#8243; _builder_version=&#8221;3.22.7&#8243; title_font=&#8221;|700||on|||||&#8221; title_text_color=&#8221;#e02b20&#8243; number_font=&#8221;||||||||&#8221; number_text_color=&#8221;#ffffff&#8221;][\/et_pb_circle_counter][\/et_pb_column][\/et_pb_row][et_pb_row custom_margin=&#8221;||15px&#8221; _builder_version=&#8221;3.22.7&#8243; background_color=&#8221;#000000&#8243;][et_pb_column type=&#8221;4_4&#8243; _builder_version=&#8221;3.22.7&#8243;][et_pb_text _builder_version=&#8221;3.22.7&#8243; text_font=&#8221;|600||||on|||&#8221; text_text_color=&#8221;#E02B20&#8243; text_font_size=&#8221;25px&#8221; custom_margin=&#8221;-20px||-20px||true&#8221;]<\/p>\n<p style=\"text-align: center;\">VOTS COMPUTATS<\/p>\n<p>[\/et_pb_text][\/et_pb_column][\/et_pb_row][et_pb_row custom_padding=&#8221;25px||25px|||&#8221; custom_margin=&#8221;||70px&#8221; _builder_version=&#8221;3.22.7&#8243; background_color=&#8221;#000000&#8243;][et_pb_column type=&#8221;1_4&#8243; _builder_version=&#8221;3.22.7&#8243;][et_pb_number_counter title=&#8221;A CANDIDATURES&#8221; number=&#8221;7.119&#8243; percent_sign=&#8221;off&#8221; _builder_version=&#8221;3.22.7&#8243; title_font=&#8221;|700||on|||||&#8221; title_text_color=&#8221;#E02B20&#8243; number_font=&#8221;||||||||&#8221; number_text_color=&#8221;#eaeaea&#8221; number_font_size=&#8221;55px&#8221;][\/et_pb_number_counter][\/et_pb_column][et_pb_column type=&#8221;1_4&#8243; _builder_version=&#8221;3.22.7&#8243;][et_pb_number_counter title=&#8221;EN BLANC&#8221; number=&#8221;119&#8243; percent_sign=&#8221;off&#8221; _builder_version=&#8221;3.22.7&#8243; title_font=&#8221;|700||on|||||&#8221; title_text_color=&#8221;#E02B20&#8243; number_font=&#8221;||||||||&#8221; number_text_color=&#8221;#eaeaea&#8221; number_font_size=&#8221;55px&#8221;][\/et_pb_number_counter][\/et_pb_column][et_pb_column type=&#8221;1_4&#8243; _builder_version=&#8221;3.22.7&#8243;][et_pb_number_counter title=&#8221;V\u00c0LIDS&#8221; number=&#8221;7.238&#8243; percent_sign=&#8221;off&#8221; _builder_version=&#8221;3.22.7&#8243; title_font=&#8221;|700||on|||||&#8221; title_text_color=&#8221;#E02B20&#8243; number_font=&#8221;||||||||&#8221; number_text_color=&#8221;#eaeaea&#8221; number_font_size=&#8221;55px&#8221;][\/et_pb_number_counter][\/et_pb_column][et_pb_column type=&#8221;1_4&#8243; _builder_version=&#8221;3.22.7&#8243;][et_pb_number_counter title=&#8221;NULS&#8221; number=&#8221;79&#8243; percent_sign=&#8221;off&#8221; _builder_version=&#8221;3.22.7&#8243; title_font=&#8221;|700||on|||||&#8221; title_text_color=&#8221;#E02B20&#8243; number_font=&#8221;||||||||&#8221; number_text_color=&#8221;#eaeaea&#8221; number_font_size=&#8221;55px&#8221;][\/et_pb_number_counter][\/et_pb_column][\/et_pb_row][et_pb_row _builder_version=&#8221;3.22.7&#8243; background_color=&#8221;#000000&#8243;][et_pb_column type=&#8221;4_4&#8243; _builder_version=&#8221;3.22.7&#8243;][et_pb_text _builder_version=&#8221;3.22.7&#8243; text_font=&#8221;|600||||on|||&#8221; text_text_color=&#8221;#E02B20&#8243; text_font_size=&#8221;25px&#8221; custom_margin=&#8221;-20px||-20px||true&#8221;]<\/p>\n<p style=\"text-align: center;\">RESULTATS ELECTORALS<\/p>\n<p>[\/et_pb_text][\/et_pb_column][\/et_pb_row][et_pb_row custom_margin=&#8221;|auto|-29px|auto||&#8221; _builder_version=&#8221;3.22.7&#8243;][et_pb_column type=&#8221;4_4&#8243; _builder_version=&#8221;3.22.7&#8243;][et_pb_counters bar_bg_color=&#8221;rgba(0,0,0,0)&#8221; _builder_version=&#8221;3.22.7&#8243; title_font=&#8221;||||||||&#8221; percent_font=&#8221;||||||||&#8221; percent_text_color=&#8221;#000000&#8243;][et_pb_counter percent=&#8221;5,66&#8243; bar_background_color=&#8221;#EDF000&#8243; _builder_version=&#8221;3.22.7&#8243; title_font=&#8221;||||||||&#8221; title_text_color=&#8221;#eaeaea&#8221; title_font_size=&#8221;15px&#8221; percent_font=&#8221;||||||||&#8221; percent_text_color=&#8221;#000000&#8243; percent_font_size=&#8221;14px&#8221; percent_line_height=&#8221;1.8em&#8221; background_color_default=&#8221;#dddddd&#8221; parallax_default=&#8221;off&#8221; parallax_method_default=&#8221;on&#8221; bar_background_color_default=&#8221;rgba(0,0,0,0)&#8221; use_percentages=&#8221;on&#8221; allow_player_pause_default=&#8221;off&#8221;]CUP &#8211; 410 vots &#8211; 1 regidor[\/et_pb_counter][et_pb_counter percent=&#8221;13,54&#8243; bar_background_color=&#8221;#0C71C3&#8243; _builder_version=&#8221;3.22.7&#8243; title_font=&#8221;||||||||&#8221; title_text_color=&#8221;#eaeaea&#8221; title_font_size=&#8221;15px&#8221; percent_font=&#8221;||||||||&#8221; percent_text_color=&#8221;#000000&#8243; percent_font_size=&#8221;14px&#8221; percent_line_height=&#8221;1.8em&#8221; background_color_default=&#8221;#dddddd&#8221; parallax_default=&#8221;off&#8221; parallax_method_default=&#8221;on&#8221; bar_background_color_default=&#8221;rgba(0,0,0,0)&#8221; use_percentages=&#8221;on&#8221; allow_player_pause_default=&#8221;off&#8221;]CiU &#8211; 980 vots &#8211; 2 regidors[\/et_pb_counter][et_pb_counter percent=&#8221;3,63&#8243; bar_background_color=&#8221;#1ca823&#8243; _builder_version=&#8221;3.22.7&#8243; title_font=&#8221;||||||||&#8221; title_text_color=&#8221;#eaeaea&#8221; title_font_size=&#8221;15px&#8221; percent_font=&#8221;||||||||&#8221; percent_text_color=&#8221;#000000&#8243; percent_font_size=&#8221;14px&#8221; percent_line_height=&#8221;1.8em&#8221; background_color_default=&#8221;#dddddd&#8221; parallax_default=&#8221;off&#8221; parallax_method_default=&#8221;on&#8221; bar_background_color_default=&#8221;rgba(0,0,0,0)&#8221; use_percentages=&#8221;on&#8221; allow_player_pause_default=&#8221;off&#8221;]Entesa\/IC &#8211; 263 vots &#8211; cap regidor[\/et_pb_counter][et_pb_counter percent=&#8221;31,28&#8243; bar_background_color=&#8221;#e0c200&#8243; _builder_version=&#8221;3.22.7&#8243; title_font=&#8221;||||||||&#8221; title_text_color=&#8221;#eaeaea&#8221; title_font_size=&#8221;15px&#8221; percent_font=&#8221;||||||||&#8221; percent_text_color=&#8221;#000000&#8243; percent_font_size=&#8221;14px&#8221; percent_line_height=&#8221;1.8em&#8221; background_color_default=&#8221;#dddddd&#8221; parallax_default=&#8221;off&#8221; parallax_method_default=&#8221;on&#8221; bar_background_color_default=&#8221;rgba(0,0,0,0)&#8221; use_percentages=&#8221;on&#8221; allow_player_pause_default=&#8221;off&#8221;]ERC &#8211; 2.264 vots &#8211; 6 regidors[\/et_pb_counter][et_pb_counter percent=&#8221;7,05&#8243; bar_background_color=&#8221;#9e6600&#8243; _builder_version=&#8221;3.22.7&#8243; title_font=&#8221;||||||||&#8221; title_text_color=&#8221;#eaeaea&#8221; title_font_size=&#8221;15px&#8221; percent_font=&#8221;||||||||&#8221; percent_text_color=&#8221;#000000&#8243; percent_font_size=&#8221;14px&#8221; percent_line_height=&#8221;1.8em&#8221; background_color_default=&#8221;#dddddd&#8221; parallax_default=&#8221;off&#8221; parallax_method_default=&#8221;on&#8221; bar_background_color_default=&#8221;rgba(0,0,0,0)&#8221; use_percentages=&#8221;on&#8221; allow_player_pause_default=&#8221;off&#8221;]JxPSJ &#8211; 510 vots &#8211; 1 regidor[\/et_pb_counter][et_pb_counter percent=&#8221;30,96&#8243; bar_background_color=&#8221;#E02B20&#8243; _builder_version=&#8221;3.22.7&#8243; title_font=&#8221;||||||||&#8221; title_text_color=&#8221;#eaeaea&#8221; title_font_size=&#8221;15px&#8221; percent_font=&#8221;||||||||&#8221; percent_text_color=&#8221;#000000&#8243; percent_font_size=&#8221;14px&#8221; percent_line_height=&#8221;1.8em&#8221; background_color_default=&#8221;#dddddd&#8221; parallax_default=&#8221;off&#8221; parallax_method_default=&#8221;on&#8221; bar_background_color_default=&#8221;rgba(0,0,0,0)&#8221; use_percentages=&#8221;on&#8221; allow_player_pause_default=&#8221;off&#8221;]PSC &#8211; 2.241 vots &#8211; 6 regidors[\/et_pb_counter][et_pb_counter percent=&#8221;5,06&#8243; bar_background_color=&#8221;#0da4db&#8221; _builder_version=&#8221;3.22.7&#8243; title_font=&#8221;||||||||&#8221; title_text_color=&#8221;#eaeaea&#8221; title_font_size=&#8221;15px&#8221; percent_font=&#8221;||||||||&#8221; percent_text_color=&#8221;#000000&#8243; percent_font_size=&#8221;14px&#8221; percent_line_height=&#8221;1.8em&#8221; background_color_default=&#8221;#dddddd&#8221; parallax_default=&#8221;off&#8221; parallax_method_default=&#8221;on&#8221; bar_background_color_default=&#8221;rgba(0,0,0,0)&#8221; use_percentages=&#8221;on&#8221; allow_player_pause_default=&#8221;off&#8221;]PP &#8211; 366 vots &#8211; 1 regidor[\/et_pb_counter][et_pb_counter percent=&#8221;1,17&#8243; bar_background_color=&#8221;#919191&#8243; _builder_version=&#8221;3.22.7&#8243; title_font=&#8221;||||||||&#8221; title_text_color=&#8221;#eaeaea&#8221; title_font_size=&#8221;15px&#8221; percent_font=&#8221;||||||||&#8221; percent_text_color=&#8221;#000000&#8243; percent_font_size=&#8221;14px&#8221; percent_line_height=&#8221;1.8em&#8221; background_color_default=&#8221;#dddddd&#8221; parallax_default=&#8221;off&#8221; parallax_method_default=&#8221;on&#8221; bar_background_color_default=&#8221;rgba(0,0,0,0)&#8221; use_percentages=&#8221;on&#8221; allow_player_pause_default=&#8221;off&#8221;]Pirates\/DM &#8211; 85 vots &#8211; cap regidor[\/et_pb_counter][\/et_pb_counters][\/et_pb_column][\/et_pb_row][\/et_pb_section]<\/p>\n","protected":false},"excerpt":{"rendered":"<p>CANAL ELECCIONS ANTECEDENT ELECTORAL &nbsp; En aquesta secci\u00f3, l&#8217;equip de Documentaci\u00f3 de Televisi\u00f3 Palam\u00f3s us ofereix les dades de les darreres Eleccions Municipals 2015 a Palam\u00f3s. Publiquem els resultats per ordre alfab\u00e8tic del nom de cada candidatura.TELEVISI\u00d3 PALAM\u00d3S &#8211; CANAL ELECCIONS ANTECEDENT ELECTORAL &nbsp; En aquesta secci\u00f3, l&#8217;equip de Documentaci\u00f3 de Televisi\u00f3 Palam\u00f3s us ofereix [&hellip;]<\/p>\n","protected":false},"author":1,"featured_media":0,"parent":0,"menu_order":0,"comment_status":"closed","ping_status":"closed","template":"page-template-fullwidth.php","meta":{"_et_pb_use_builder":"on","_et_pb_old_content":"","_et_gb_content_width":"","footnotes":""},"class_list":["post-753","page","type-page","status-publish","hentry"],"_links":{"self":[{"href":"https:\/\/palamosdigital.com\/tvpalamos\/wp-json\/wp\/v2\/pages\/753","targetHints":{"allow":["GET"]}}],"collection":[{"href":"https:\/\/palamosdigital.com\/tvpalamos\/wp-json\/wp\/v2\/pages"}],"about":[{"href":"https:\/\/palamosdigital.com\/tvpalamos\/wp-json\/wp\/v2\/types\/page"}],"author":[{"embeddable":true,"href":"https:\/\/palamosdigital.com\/tvpalamos\/wp-json\/wp\/v2\/users\/1"}],"replies":[{"embeddable":true,"href":"https:\/\/palamosdigital.com\/tvpalamos\/wp-json\/wp\/v2\/comments?post=753"}],"version-history":[{"count":55,"href":"https:\/\/palamosdigital.com\/tvpalamos\/wp-json\/wp\/v2\/pages\/753\/revisions"}],"predecessor-version":[{"id":3402,"href":"https:\/\/palamosdigital.com\/tvpalamos\/wp-json\/wp\/v2\/pages\/753\/revisions\/3402"}],"wp:attachment":[{"href":"https:\/\/palamosdigital.com\/tvpalamos\/wp-json\/wp\/v2\/media?parent=753"}],"curies":[{"name":"wp","href":"https:\/\/api.w.org\/{rel}","templated":true}]}}